{"id":1637,"date":"2024-07-07T00:16:45","date_gmt":"2024-07-06T22:16:45","guid":{"rendered":"https:\/\/www.innomech.sk\/?page_id=1637"},"modified":"2025-02-07T00:02:47","modified_gmt":"2025-02-06T23:02:47","slug":"technologia","status":"publish","type":"page","link":"https:\/\/www.innomech.sk\/pl\/technologia\/","title":{"rendered":"Technol\u00f3gie"},"content":{"rendered":"<div class=\"wpb-content-wrapper\"><p>[vc_row][vc_column offset=&#8221;vc_col-lg-6&#8243;]<div class=\"cz_wrap clr\"><div class=\"cz_free_position_element\" data-top=\"-20.78%\" data-left=\"-39.72%\" style=\"top:-20.78%;left:-39.72%;width:510px;z-index:-1;\"><div><div class=\"cz_wrap clr\"><div id=\"cz_50791\" class=\"cz_50791 cz_image clr cz_image_no_fx center_on_mobile\"><style class=\"cz_d_css\" data-noptimize>#cz_50791 > div{position:relative;}<\/style><div class=\"\" ><div class=\"cz_image_in\"><div class=\"cz_main_image\"><img decoding=\"async\" width=\"585\" height=\"591\" src=\"https:\/\/www.innomech.sk\/wp-content\/uploads\/2024\/07\/shape1.png\" class=\"attachment-full\" alt=\"\" title=\"shape1\" srcset=\"https:\/\/www.innomech.sk\/wp-content\/uploads\/2024\/07\/shape1.png 585w, https:\/\/www.innomech.sk\/wp-content\/uploads\/2024\/07\/shape1-297x300.png 297w, https:\/\/www.innomech.sk\/wp-content\/uploads\/2024\/07\/shape1-100x100.png 100w\" sizes=\"(max-width: 585px) 100vw, 585px\" \/><\/div><\/div><\/div><\/div><script>if( typeof Codevz_Plus !== \"undefined\" ) {setTimeout( function() {Codevz_Plus.image( \"cz_50791\" );if( typeof Codevz_Plus.titl !== \"undefined\" ) {Codevz_Plus.titl();}jQuery( window ).trigger( \"scroll.codevz\" ).trigger( \"scroll.lazyload\" );}, 10 );}<\/script><\/div><\/div><\/div><script>if( typeof Codevz_Plus !== \"undefined\" ) {setTimeout( function() {Codevz_Plus.free_position_element( \".vc_cz_free_position_element\" );jQuery( window ).trigger( \"scroll.codevz\" ).trigger( \"scroll.lazyload\" );}, 10 );}<\/script><\/div><div class=\"cz_wrap clr\"><div class=\"cz_eqh cz_content_box_parent_fx  \"><div id=\"cz_36566\" class=\"cz_36566 cz_content_box clr\"><style class=\"cz_d_css\" data-noptimize>#cz_36566 .cz_box_front_inner{padding:0px;margin-right:75px}<\/style><style class=\"cz_t_css\" data-noptimize>@media screen and (max-width:768px){#cz_36566 .cz_box_front_inner{padding-right:0px;padding-left:0px;margin-right:0px;margin-left:0px}}<\/style><div class=\"cz_box_front clr\"><div class=\"cz_box_front_inner clr \"><span><\/span><div><div class=\"cz_gap clr  hide_on_tablet hide_on_mobile\" style=\"height: 25px\"><\/div><div class=\"cz_gap show_on_tablet clr \" style=\"height: 0px\"><\/div><div class=\"cz_wrap clr\"><div id=\"cz_41295\" class=\"cz_41295 cz_title clr cz_smart_fs cz_mobile_text_center cz_title_pos_inline\"><div class=\"cz_title_content\"><div class=\"cz_wpe_content\"><h1><span style=\"font-size: 42px;\">Na\u0161e <span style=\"color: #c30f17;\">technol\u00f3gie<\/span><\/span><\/h1>\n<\/div><\/div><\/div><script>if( typeof Codevz_Plus !== \"undefined\" ) {setTimeout( function() {if( typeof Codevz_Plus.responsive_text !== \"undefined\" ) {Codevz_Plus.responsive_text();}if( typeof Codevz_Plus.title !== \"undefined\" ) {Codevz_Plus.title();}jQuery( window ).trigger( \"scroll.codevz\" ).trigger( \"scroll.lazyload\" );}, 10 );}<\/script><\/div><div class=\"cz_gap clr \" style=\"height: 20px\"><\/div><div class=\"cz_wrap clr\"><div id=\"cz_40450\" class=\"cz_40450 cz_title clr cz_mobile_text_center cz_title_pos_inline\"><div class=\"cz_title_content\"><div class=\"cz_wpe_content\"><p>Na v\u00fdrobu va\u0161ich produktov pou\u017e\u00edvame r\u00f4zne v\u00fdrobn\u00e9 procesy. Po\u010dn\u00fac delen\u00edm materi\u00e1lu p\u00edlou alebo rezan\u00edm plame\u0148om cez r\u00f4zne medzikroky, ako s\u00fa pieskovanie alebo MIG-zv\u00e1ranie a\u017e po samotn\u00e9 trieskov\u00e9 obr\u00e1banie. Pon\u00fakame v\u00e1m tie\u017e mo\u017enos\u0165 tepeln\u00e9ho spracovania a povrchov\u00fdch \u00faprav.<\/p>\n<\/div><\/div><\/div><script>if( typeof Codevz_Plus !== \"undefined\" ) {setTimeout( function() {if( typeof Codevz_Plus.responsive_text !== \"undefined\" ) {Codevz_Plus.responsive_text();}if( typeof Codevz_Plus.title !== \"undefined\" ) {Codevz_Plus.title();}jQuery( window ).trigger( \"scroll.codevz\" ).trigger( \"scroll.lazyload\" );}, 10 );}<\/script><\/div><div class=\"cz_gap clr \" style=\"height: 20px\"><\/div><div class=\"cz_wrap clr\"><div id=\"cz_42403\" class=\"cz_42403 cz_title clr cz_mobile_text_center cz_title_pos_inline\"><div class=\"cz_title_content\"><div class=\"cz_wpe_content\"><p>Z\u00e1kladom na\u0161ej pr\u00e1ce s\u00fa va\u0161e 3D d\u00e1ta, z ktor\u00fdch pomocou CAM softv\u00e9ru vytv\u00e1rame programy pre obr\u00e1bacie centr\u00e1. Rozsah na\u0161ich v\u00fdrobn\u00fdch mo\u017enost\u00ed siaha od klasick\u00e9ho 3-osov\u00e9ho obr\u00e1bania a\u017e po komplexn\u00e9 5-osov\u00e9 simult\u00e1nne obr\u00e1banie. To n\u00e1m umo\u017e\u0148uje spo\u013eahlivo a efekt\u00edvne realizova\u0165 va\u0161e po\u017eiadavky.<\/p>\n<\/div><\/div><\/div><script>if( typeof Codevz_Plus !== \"undefined\" ) {setTimeout( function() {if( typeof Codevz_Plus.responsive_text !== \"undefined\" ) {Codevz_Plus.responsive_text();}if( typeof Codevz_Plus.title !== \"undefined\" ) {Codevz_Plus.title();}jQuery( window ).trigger( \"scroll.codevz\" ).trigger( \"scroll.lazyload\" );}, 10 );}<\/script><\/div><\/div><\/div><\/div><\/div><\/div><script>if( typeof Codevz_Plus !== \"undefined\" ) {setTimeout( function() {Codevz_Plus.content_box( true );if( typeof Codevz_Plus.tilt !== \"undefined\" ) {Codevz_Plus.tilt();}jQuery( window ).trigger( \"scroll.codevz\" ).trigger( \"scroll.lazyload\" );}, 10 );}<\/script><\/div><div class=\"cz_gap clr  hide_on_tablet hide_on_mobile\" style=\"height: 40px\"><\/div><div class=\"cz_gap show_on_tablet clr \" style=\"height: 50px\"><\/div>[\/vc_column][vc_column offset=&#8221;vc_col-lg-6&#8243;]<div class=\"cz_gap clr  hide_on_tablet hide_on_mobile\" style=\"height: 25px\"><\/div><div class=\"cz_gap show_on_tablet clr \" style=\"height: 0px\"><\/div><div class=\"cz_wrap clr\"><div id=\"cz_84861\" class=\"cz_84861 cz_image clr cz_image_no_fx cz_smart_fs center_on_mobile\"><style class=\"cz_d_css\" data-noptimize>#cz_84861 .cz_image_in{background-color:#ffffff}#cz_84861 .cz_image_caption{color:#ffffff;background-color:#c30f17;padding:30px 50px;border-radius:25px;box-shadow:0px 11px 55px -8px rgba(0,0,0,0.27);position:absolute;bottom:-30px;left:-50px}#cz_84861 > div{position:relative;display: table;margin:0 auto;}<\/style><style class=\"cz_t_css\" data-noptimize>@media screen and (max-width:768px){#cz_84861 .cz_image_caption{padding:20px 40px}}<\/style><style class=\"cz_m_css\" data-noptimize>@media screen and (max-width:480px){#cz_84861 .cz_image_caption{position:static}}<\/style><div class=\"\" ><div class=\"cz_image_in\"><div class=\"cz_main_image\"><img decoding=\"async\" width=\"800\" height=\"800\" src=\"https:\/\/www.innomech.sk\/wp-content\/uploads\/2024\/11\/foto3.webp\" class=\"attachment-full\" alt=\"\" title=\"foto3\" srcset=\"https:\/\/www.innomech.sk\/wp-content\/uploads\/2024\/11\/foto3.webp 800w, https:\/\/www.innomech.sk\/wp-content\/uploads\/2024\/11\/foto3-300x300.webp 300w, https:\/\/www.innomech.sk\/wp-content\/uploads\/2024\/11\/foto3-150x150.webp 150w, https:\/\/www.innomech.sk\/wp-content\/uploads\/2024\/11\/foto3-768x768.webp 768w, https:\/\/www.innomech.sk\/wp-content\/uploads\/2024\/11\/foto3-600x600.webp 600w\" sizes=\"(max-width: 800px) 100vw, 800px\" \/><\/div><\/div><div class=\"cz_image_caption mt10\"><h3>Od pr\u00edpravy d\u00e1t <br class=\"clr\" \/>a\u017e po mont\u00e1\u017e<\/h3>\n<p>Kusov\u00e1 a s\u00e9riov\u00e1 v\u00fdroba dielov a zost\u00e1v.<\/div><\/div><\/div><script>if( typeof Codevz_Plus !== \"undefined\" ) {setTimeout( function() {Codevz_Plus.image( \"cz_84861\" );if( typeof Codevz_Plus.titl !== \"undefined\" ) {Codevz_Plus.titl();}jQuery( window ).trigger( \"scroll.codevz\" ).trigger( \"scroll.lazyload\" );}, 10 );}<\/script><\/div><div class=\"cz_gap clr  hide_on_tablet hide_on_mobile\" style=\"height: 80px\"><\/div><div class=\"cz_gap show_on_tablet clr \" style=\"height: 50px\"><\/div>[\/vc_column][\/vc_row][vc_section][vc_row][vc_column]<div class=\"cz_wrap clr\"><div id=\"cz_29366\" class=\"cz_29366 cz_title clr cz_smart_fs cz_mobile_text_center cz_title_pos_inline\"><div class=\"cz_title_content\"><div class=\"cz_wpe_content\"><h3><span style=\"font-size: 32px;\">Maxim\u00e1lny rozmer komponentu: <span style=\"color: #c30f17;\">1 000 x 500 x 500 mm<\/span><\/span><\/h3>\n<\/div><\/div><\/div><script>if( typeof Codevz_Plus !== \"undefined\" ) {setTimeout( function() {if( typeof Codevz_Plus.responsive_text !== \"undefined\" ) {Codevz_Plus.responsive_text();}if( typeof Codevz_Plus.title !== \"undefined\" ) {Codevz_Plus.title();}jQuery( window ).trigger( \"scroll.codevz\" ).trigger( \"scroll.lazyload\" );}, 10 );}<\/script><\/div><div class=\"cz_wrap clr\"><div id=\"cz_31493\" class=\"cz_31493 cz_title clr cz_smart_fs cz_mobile_text_center cz_title_pos_inline\"><div class=\"cz_title_content\"><div class=\"cz_wpe_content\"><h3><span style=\"font-size: 32px;\">Maxim\u00e1lna hmotnos\u0165 komponentu: <span style=\"color: #c30f17;\">200 kg<\/span><\/span><\/h3>\n<\/div><\/div><\/div><script>if( typeof Codevz_Plus !== \"undefined\" ) {setTimeout( function() {if( typeof Codevz_Plus.responsive_text !== \"undefined\" ) {Codevz_Plus.responsive_text();}if( typeof Codevz_Plus.title !== \"undefined\" ) {Codevz_Plus.title();}jQuery( window ).trigger( \"scroll.codevz\" ).trigger( \"scroll.lazyload\" );}, 10 );}<\/script><\/div><div class=\"cz_wrap clr\"><div id=\"cz_28441\" class=\"cz_28441 cz_title clr cz_smart_fs cz_mobile_text_center cz_title_pos_inline\"><div class=\"cz_title_content\"><div class=\"cz_wpe_content\"><h3><span style=\"font-size: 32px;\">Geometrick\u00e9 tolerancie: <span style=\"color: #c30f17;\">s presnos\u0165ou do 0,01mm<\/span><\/span><\/h3>\n<\/div><\/div><\/div><script>if( typeof Codevz_Plus !== \"undefined\" ) {setTimeout( function() {if( typeof Codevz_Plus.responsive_text !== \"undefined\" ) {Codevz_Plus.responsive_text();}if( typeof Codevz_Plus.title !== \"undefined\" ) {Codevz_Plus.title();}jQuery( window ).trigger( \"scroll.codevz\" ).trigger( \"scroll.lazyload\" );}, 10 );}<\/script><\/div><div class=\"cz_gap clr \" style=\"height: 50px\"><\/div><div class=\"cz_wrap clr\"><div id=\"cz_13958\" class=\"cz_13958 cz_title clr cz_mobile_text_center cz_title_pos_inline\"><div class=\"cz_title_content\"><div class=\"cz_wpe_content\"><p>Neoddelite\u013enou s\u00fa\u010das\u0165ou na\u0161ej \u010dinnosti je kontrola kvality. T\u00e1to f\u00e1za je rozhoduj\u00faca pre zabezpe\u010denie toho, aby v\u0161etky v\u00fdrobky sp\u013a\u0148ali va\u0161e pr\u00edsne po\u017eiadavky. Kontrola kvality prebieha vo viacer\u00fdch \u00a0v\u00fdrobn\u00fdch f\u00e1zach a zah\u0155\u0148a pou\u017eitie najmodernej\u0161\u00edch merac\u00edch pr\u00edstrojov a techn\u00edk. Sna\u017e\u00edme sa neust\u00e1le inovova\u0165 a zlep\u0161ova\u0165 na\u0161e v\u00fdrobn\u00e9 procesy, technol\u00f3gie a slu\u017eby.<\/p>\n<\/div><\/div><\/div><script>if( typeof Codevz_Plus !== \"undefined\" ) {setTimeout( function() {if( typeof Codevz_Plus.responsive_text !== \"undefined\" ) {Codevz_Plus.responsive_text();}if( typeof Codevz_Plus.title !== \"undefined\" ) {Codevz_Plus.title();}jQuery( window ).trigger( \"scroll.codevz\" ).trigger( \"scroll.lazyload\" );}, 10 );}<\/script><\/div><div class=\"cz_gap clr \" style=\"height: 20px\"><\/div><div class=\"cz_wrap clr\"><div id=\"cz_50445\" class=\"cz_50445 cz_title clr cz_mobile_text_center cz_title_pos_inline\"><div class=\"cz_title_content\"><div class=\"cz_wpe_content\"><p>N\u00e1\u0161 z\u00e1v\u00e4zok vo\u010di kvalite a prec\u00edznosti n\u00e1s rob\u00ed spo\u013eahliv\u00fdm partnerom pre na\u0161ich z\u00e1kazn\u00edkov v automobilovom a stroj\u00e1rskom priemysle. Sme hrd\u00ed na to, \u017ee m\u00f4\u017eeme prispieva\u0165 k ich \u00faspechu prostredn\u00edctvom na\u0161ich \u0161pi\u010dkov\u00fdch v\u00fdrobkov a slu\u017eieb.<\/p>\n<\/div><\/div><\/div><script>if( typeof Codevz_Plus !== \"undefined\" ) {setTimeout( function() {if( typeof Codevz_Plus.responsive_text !== \"undefined\" ) {Codevz_Plus.responsive_text();}if( typeof Codevz_Plus.title !== \"undefined\" ) {Codevz_Plus.title();}jQuery( window ).trigger( \"scroll.codevz\" ).trigger( \"scroll.lazyload\" );}, 10 );}<\/script><\/div><div class=\"cz_gap clr \" style=\"height: 20px\"><\/div><div class=\"cz_gap clr \" style=\"height: 20px\"><\/div>[vc_row_inner][vc_column_inner width=&#8221;1\/3&#8243;]<div class=\"cz_wrap clr\"><ul id=\"cz_38657\" class=\"cz_38657 cz_stylish_list clr cz_sl_icon_hover_zoom_in_fade\"><style class=\"cz_d_css\" data-noptimize>#cz_38657 li{font-size:18px;font-weight:700;margin-bottom:15px}#cz_38657 li:hover{color:#223d65}#cz_38657 i{font-size:20px;color:#ffffff;background-color:#000000;padding:3px;margin-right:15px;border-radius:100px}#cz_38657 li:hover i{color:#ffffff;background-color:#c30f17}<\/style><li class=\"clr\"><div class=\"cz_sl_icon\"><i class=\"fa czico-072-check-mark mr10\" ><\/i><\/div><div><span>P\u00edlenie<\/span><\/div><\/li><li class=\"clr\"><div class=\"cz_sl_icon\"><i class=\"fa czico-072-check-mark mr10\" ><\/i><\/div><div><span>MIG-zv\u00e1ranie<\/span><\/div><\/li><li class=\"clr\"><div class=\"cz_sl_icon\"><i class=\"fa czico-072-check-mark mr10\" ><\/i><\/div><div><span>Pieskovanie<\/span><\/div><\/li><li class=\"clr\"><div class=\"cz_sl_icon\"><i class=\"fa czico-072-check-mark mr10\" ><\/i><\/div><div><span>Lakovanie<\/span><\/div><\/li><li class=\"clr\"><div class=\"cz_sl_icon\"><i class=\"fa czico-072-check-mark mr10\" ><\/i><\/div><div><span>\u010ciernenie<\/span><\/div><\/li><\/ul><script>if( typeof Codevz_Plus !== \"undefined\" ) {setTimeout( function() {jQuery( window ).trigger( \"scroll.codevz\" ).trigger( \"scroll.lazyload\" );}, 10 );}<\/script><\/div>[\/vc_column_inner][vc_column_inner width=&#8221;2\/3&#8243;]<div class=\"cz_wrap clr\"><ul id=\"cz_16954\" class=\"cz_16954 cz_stylish_list clr cz_sl_icon_hover_zoom_in_fade\"><style class=\"cz_d_css\" data-noptimize>#cz_16954 li{font-size:18px;font-weight:700;margin-bottom:15px}#cz_16954 li:hover{color:#223d65}#cz_16954 i{font-size:20px;color:#ffffff;background-color:#000000;padding:3px;margin-right:15px;border-radius:100px}#cz_16954 li:hover i{color:#ffffff;background-color:#c30f17}<\/style><li class=\"clr\"><div class=\"cz_sl_icon\"><i class=\"fa czico-072-check-mark mr10\" ><\/i><\/div><div><span>CAM programovanie<\/span><\/div><\/li><li class=\"clr\"><div class=\"cz_sl_icon\"><i class=\"fa czico-072-check-mark mr10\" ><\/i><\/div><div><span>CNC s\u00fastru\u017eenie<\/span><\/div><\/li><li class=\"clr\"><div class=\"cz_sl_icon\"><i class=\"fa czico-072-check-mark mr10\" ><\/i><\/div><div><span>CNC fr\u00e9zovanie<\/span><\/div><\/li><li class=\"clr\"><div class=\"cz_sl_icon\"><i class=\"fa czico-072-check-mark mr10\" ><\/i><\/div><div><span>Mont\u00e1\u017e a uvedenie zariaden\u00ed do prev\u00e1dzky<\/span><\/div><\/li><li class=\"clr\"><div class=\"cz_sl_icon\"><i class=\"fa czico-072-check-mark mr10\" ><\/i><\/div><div><span>Kontrola kvality<\/span><\/div><\/li><\/ul><script>if( typeof Codevz_Plus !== \"undefined\" ) {setTimeout( function() {jQuery( window ).trigger( \"scroll.codevz\" ).trigger( \"scroll.lazyload\" );}, 10 );}<\/script><\/div>[\/vc_column_inner][\/vc_row_inner][\/vc_column][\/vc_row][\/vc_section]<\/p>\n<\/div>","protected":false},"excerpt":{"rendered":"<p>[vc_row][vc_column offset=&#8221;vc_col-lg-6&#8243;][\/vc_column][vc_column offset=&#8221;vc_col-lg-6&#8243;][\/vc_column][\/vc_row][vc_section][vc_row][vc_column][vc_row_inner][vc_column_inner width=&#8221;1\/3&#8243;][\/vc_column_inner][vc_column_inner width=&#8221;2\/3&#8243;][\/vc_column_inner][\/vc_row_inner][\/vc_column][\/vc_row][\/vc_section] &#8230; <\/p>\n","protected":false},"author":2,"featured_media":0,"parent":0,"menu_order":0,"comment_status":"closed","ping_status":"closed","template":"","meta":{"_seopress_robots_primary_cat":"","_seopress_titles_title":"","_seopress_titles_desc":"","_seopress_robots_index":"","footnotes":""},"class_list":["post-1637","page","type-page","status-publish","hentry"],"_links":{"self":[{"href":"https:\/\/www.innomech.sk\/pl\/wp-json\/wp\/v2\/pages\/1637","targetHints":{"allow":["GET"]}}],"collection":[{"href":"https:\/\/www.innomech.sk\/pl\/wp-json\/wp\/v2\/pages"}],"about":[{"href":"https:\/\/www.innomech.sk\/pl\/wp-json\/wp\/v2\/types\/page"}],"author":[{"embeddable":true,"href":"https:\/\/www.innomech.sk\/pl\/wp-json\/wp\/v2\/users\/2"}],"replies":[{"embeddable":true,"href":"https:\/\/www.innomech.sk\/pl\/wp-json\/wp\/v2\/comments?post=1637"}],"version-history":[{"count":0,"href":"https:\/\/www.innomech.sk\/pl\/wp-json\/wp\/v2\/pages\/1637\/revisions"}],"wp:attachment":[{"href":"https:\/\/www.innomech.sk\/pl\/wp-json\/wp\/v2\/media?parent=1637"}],"curies":[{"name":"wp","href":"https:\/\/api.w.org\/{rel}","templated":true}]}}