{"id":1635,"date":"2024-07-07T00:16:14","date_gmt":"2024-07-06T22:16:14","guid":{"rendered":"https:\/\/www.innomech.sk\/?page_id=1635"},"modified":"2025-01-23T12:31:44","modified_gmt":"2025-01-23T11:31:44","slug":"o-nas","status":"publish","type":"page","link":"https:\/\/www.innomech.sk\/pl\/o-nas\/","title":{"rendered":"O n\u00e1s"},"content":{"rendered":"<div class=\"wpb-content-wrapper\"><p>[vc_row][vc_column offset=&#8221;vc_col-lg-6&#8243;]<div class=\"cz_wrap clr\"><div class=\"cz_free_position_element\" data-top=\"-20.78%\" data-left=\"-39.72%\" style=\"top:-20.78%;left:-39.72%;width:510px;z-index:-1;\"><div><div class=\"cz_wrap clr\"><div id=\"cz_50791\" class=\"cz_50791 cz_image clr cz_image_no_fx center_on_mobile\"><style class=\"cz_d_css\" data-noptimize>#cz_50791 > div{position:relative;}<\/style><div class=\"\" ><div class=\"cz_image_in\"><div class=\"cz_main_image\"><img decoding=\"async\" width=\"585\" height=\"591\" src=\"https:\/\/www.innomech.sk\/wp-content\/uploads\/2024\/07\/shape1.png\" class=\"attachment-full\" alt=\"\" title=\"shape1\" srcset=\"https:\/\/www.innomech.sk\/wp-content\/uploads\/2024\/07\/shape1.png 585w, https:\/\/www.innomech.sk\/wp-content\/uploads\/2024\/07\/shape1-297x300.png 297w, https:\/\/www.innomech.sk\/wp-content\/uploads\/2024\/07\/shape1-100x100.png 100w\" sizes=\"(max-width: 585px) 100vw, 585px\" \/><\/div><\/div><\/div><\/div><script>if( typeof Codevz_Plus !== \"undefined\" ) {setTimeout( function() {Codevz_Plus.image( \"cz_50791\" );if( typeof Codevz_Plus.titl !== \"undefined\" ) {Codevz_Plus.titl();}jQuery( window ).trigger( \"scroll.codevz\" ).trigger( \"scroll.lazyload\" );}, 10 );}<\/script><\/div><\/div><\/div><script>if( typeof Codevz_Plus !== \"undefined\" ) {setTimeout( function() {Codevz_Plus.free_position_element( \".vc_cz_free_position_element\" );jQuery( window ).trigger( \"scroll.codevz\" ).trigger( \"scroll.lazyload\" );}, 10 );}<\/script><\/div><div class=\"cz_wrap clr\"><div class=\"cz_eqh cz_content_box_parent_fx  \"><div id=\"cz_36566\" class=\"cz_36566 cz_content_box clr\"><style class=\"cz_d_css\" data-noptimize>#cz_36566 .cz_box_front_inner{padding:0px;margin-right:75px}<\/style><style class=\"cz_t_css\" data-noptimize>@media screen and (max-width:768px){#cz_36566 .cz_box_front_inner{padding-right:0px;padding-left:0px;margin-right:0px;margin-left:0px}}<\/style><div class=\"cz_box_front clr\"><div class=\"cz_box_front_inner clr \"><span><\/span><div><div class=\"cz_gap clr  hide_on_tablet hide_on_mobile\" style=\"height: 25px\"><\/div><div class=\"cz_gap show_on_tablet clr \" style=\"height: 0px\"><\/div><div class=\"cz_wrap clr\"><div id=\"cz_34198\" class=\"cz_34198 cz_title clr cz_smart_fs cz_mobile_text_center cz_title_pos_inline\"><div class=\"cz_title_content\"><div class=\"cz_wpe_content\"><h1><span style=\"font-size: 42px;\">Profil spolo\u010dnosti a <span style=\"color: #c30f17;\">zameranie<\/span> v\u00fdroby<\/span><\/h1>\n<\/div><\/div><\/div><script>if( typeof Codevz_Plus !== \"undefined\" ) {setTimeout( function() {if( typeof Codevz_Plus.responsive_text !== \"undefined\" ) {Codevz_Plus.responsive_text();}if( typeof Codevz_Plus.title !== \"undefined\" ) {Codevz_Plus.title();}jQuery( window ).trigger( \"scroll.codevz\" ).trigger( \"scroll.lazyload\" );}, 10 );}<\/script><\/div><div class=\"cz_gap clr \" style=\"height: 20px\"><\/div><div class=\"cz_wrap clr\"><div id=\"cz_17294\" class=\"cz_17294 cz_title clr cz_mobile_text_center cz_title_pos_inline\"><div class=\"cz_title_content\"><div class=\"cz_wpe_content\"><p>Vitajte v InnoMech k.s., va\u0161om partnerovi pre prec\u00edznu v\u00fdrobu a inovat\u00edvne mechanick\u00e9 rie\u0161enia.<br \/>\nOd n\u00e1\u0161ho zalo\u017eenia v roku 2013 sa neust\u00e1le zlep\u0161ujeme. V roku 2018 sme sa pres\u0165ahovali do vlastn\u00fdch modern\u00fdch v\u00fdrobn\u00fdch priestorov s rozlohou 1300 m\u00b2 vo Ve\u013ekom \u0160ari\u0161i.<br \/>\nNa\u0161e procesy a v\u00fdrobky s\u00fa certifikovan\u00e9 pod\u013ea DIN ISO 9001, \u010do pod\u010diarkuje na\u0161e anga\u017eovanie sa pre kvalitu a dokonalos\u0165.<br \/>\nN\u00e1\u0161 motivovan\u00fd t\u00edm sa \u0161pecializuje na starostlivos\u0165 o z\u00e1kazn\u00edkov, projektov\u00fd mana\u017ement, pr\u00edpravu d\u00e1t z r\u00f4znych form\u00e1tov, pl\u00e1novanie technol\u00f3gi\u00ed, samotn\u00fa v\u00fdrobu a kontrolu kvality.<br \/>\nFlexibilne sa prisp\u00f4sobujeme va\u0161im po\u017eiadavk\u00e1m t\u00fdkaj\u00facich sa v\u00fdrobkov a usilujeme sa o neust\u00e1lu moderniz\u00e1ciu na\u0161ej v\u00fdrobnej technol\u00f3gie, aby sme v\u00e1m poskytli tie najlep\u0161ie v\u00fdsledky ako pri kusovej tak aj pri s\u00e9riovej v\u00fdrobe.<\/p>\n<\/div><\/div><\/div><script>if( typeof Codevz_Plus !== \"undefined\" ) {setTimeout( function() {if( typeof Codevz_Plus.responsive_text !== \"undefined\" ) {Codevz_Plus.responsive_text();}if( typeof Codevz_Plus.title !== \"undefined\" ) {Codevz_Plus.title();}jQuery( window ).trigger( \"scroll.codevz\" ).trigger( \"scroll.lazyload\" );}, 10 );}<\/script><\/div><div class=\"cz_gap clr \" style=\"height: 20px\"><\/div><div class=\"cz_wrap clr\"><div id=\"cz_49025\" class=\"cz_49025 cz_title clr cz_mobile_text_center cz_title_pos_inline\"><div class=\"cz_title_content\"><div class=\"cz_wpe_content\"><p>Na\u0161a ponuka slu\u017eieb siaha od pr\u00edpravy d\u00e1t a\u017e po mont\u00e1\u017e, vr\u00e1tane obstar\u00e1vania materi\u00e1lu, CAM programovania, CNC obr\u00e1bania a kontroly kvality. Pon\u00fakame tie\u017e povrchov\u00fa \u00fapravu a tepeln\u00e9 spracovanie na zabezpe\u010denie dlhej \u017eivotnosti a \u00fa\u017eitkovosti va\u0161ich v\u00fdrobkov.<br \/>\nS modern\u00fdmi strojmi zaru\u010dujeme presnos\u0165 a efektivitu na ka\u017edom kroku. D\u00f4verujte n\u00e1m &#8211; u n\u00e1s sa sp\u00e1ja presnos\u0165 s inov\u00e1ciou.<\/p>\n<\/div><\/div><\/div><script>if( typeof Codevz_Plus !== \"undefined\" ) {setTimeout( function() {if( typeof Codevz_Plus.responsive_text !== \"undefined\" ) {Codevz_Plus.responsive_text();}if( typeof Codevz_Plus.title !== \"undefined\" ) {Codevz_Plus.title();}jQuery( window ).trigger( \"scroll.codevz\" ).trigger( \"scroll.lazyload\" );}, 10 );}<\/script><\/div><div class=\"cz_gap clr  hide_on_tablet hide_on_mobile\" style=\"height: 75px\"><\/div><div class=\"cz_gap show_on_tablet clr \" style=\"height: 50px\"><\/div><\/div><\/div><\/div><\/div><\/div><script>if( typeof Codevz_Plus !== \"undefined\" ) {setTimeout( function() {Codevz_Plus.content_box( true );if( typeof Codevz_Plus.tilt !== \"undefined\" ) {Codevz_Plus.tilt();}jQuery( window ).trigger( \"scroll.codevz\" ).trigger( \"scroll.lazyload\" );}, 10 );}<\/script><\/div><div class=\"cz_gap clr  hide_on_tablet hide_on_mobile\" style=\"height: 40px\"><\/div><div class=\"cz_gap show_on_tablet clr \" style=\"height: 50px\"><\/div>[\/vc_column][vc_column offset=&#8221;vc_col-lg-6&#8243;]<div class=\"cz_gap clr  hide_on_tablet hide_on_mobile\" style=\"height: 25px\"><\/div><div class=\"cz_gap show_on_tablet clr \" style=\"height: 0px\"><\/div><div class=\"cz_wrap clr\"><div id=\"cz_32505\" class=\"cz_32505 cz_image clr cz_image_no_fx cz_smart_fs center_on_mobile\"><style class=\"cz_d_css\" data-noptimize>#cz_32505 .cz_image_in{background-color:#ffffff}#cz_32505 .cz_image_caption{color:#ffffff;background-color:#c30f17;padding:30px 50px;border-radius:25px;box-shadow:0px 11px 55px -8px rgba(0,0,0,0.27);position:absolute;bottom:-30px;left:-50px}#cz_32505 > div{position:relative;display: table;margin:0 auto;}<\/style><style class=\"cz_t_css\" data-noptimize>@media screen and (max-width:768px){#cz_32505 .cz_image_caption{padding:20px 40px}}<\/style><style class=\"cz_m_css\" data-noptimize>@media screen and (max-width:480px){#cz_32505 .cz_image_caption{position:static}}<\/style><div class=\"\" ><div class=\"cz_image_in\"><div class=\"cz_main_image\"><img decoding=\"async\" width=\"800\" height=\"800\" src=\"https:\/\/www.innomech.sk\/wp-content\/uploads\/2024\/09\/foto2.webp\" class=\"attachment-full\" alt=\"\" title=\"foto2\" srcset=\"https:\/\/www.innomech.sk\/wp-content\/uploads\/2024\/09\/foto2.webp 800w, https:\/\/www.innomech.sk\/wp-content\/uploads\/2024\/09\/foto2-300x300.webp 300w, https:\/\/www.innomech.sk\/wp-content\/uploads\/2024\/09\/foto2-150x150.webp 150w, https:\/\/www.innomech.sk\/wp-content\/uploads\/2024\/09\/foto2-768x768.webp 768w, https:\/\/www.innomech.sk\/wp-content\/uploads\/2024\/09\/foto2-600x600.webp 600w\" sizes=\"(max-width: 800px) 100vw, 800px\" \/><\/div><\/div><div class=\"cz_image_caption mt10\"><h3>Od pr\u00edpravy d\u00e1t <br class=\"clr\" \/>a\u017e po mont\u00e1\u017e<\/h3>\n<p>Kusov\u00e1 a s\u00e9riov\u00e1 v\u00fdroba dielov a zost\u00e1v.<\/div><\/div><\/div><script>if( typeof Codevz_Plus !== \"undefined\" ) {setTimeout( function() {Codevz_Plus.image( \"cz_32505\" );if( typeof Codevz_Plus.titl !== \"undefined\" ) {Codevz_Plus.titl();}jQuery( window ).trigger( \"scroll.codevz\" ).trigger( \"scroll.lazyload\" );}, 10 );}<\/script><\/div>[\/vc_column][\/vc_row]<\/p>\n<\/div>","protected":false},"excerpt":{"rendered":"<p>[vc_row][vc_column offset=&#8221;vc_col-lg-6&#8243;][\/vc_column][vc_column offset=&#8221;vc_col-lg-6&#8243;][\/vc_column][\/vc_row] &#8230; <\/p>\n","protected":false},"author":2,"featured_media":0,"parent":0,"menu_order":0,"comment_status":"closed","ping_status":"closed","template":"","meta":{"_seopress_robots_primary_cat":"","_seopress_titles_title":"","_seopress_titles_desc":"V\u00e1\u0161 partner pre prec\u00edznu v\u00fdrobu a inovat\u00edvne mechanick\u00e9 rie\u0161enia. Na\u0161e procesy a v\u00fdrobky s\u00fa certifikovan\u00e9 pod\u013ea DIN ISO 9001, \u010do pod\u010diarkuje na\u0161u kvalitu.","_seopress_robots_index":"","footnotes":""},"class_list":["post-1635","page","type-page","status-publish","hentry"],"_links":{"self":[{"href":"https:\/\/www.innomech.sk\/pl\/wp-json\/wp\/v2\/pages\/1635","targetHints":{"allow":["GET"]}}],"collection":[{"href":"https:\/\/www.innomech.sk\/pl\/wp-json\/wp\/v2\/pages"}],"about":[{"href":"https:\/\/www.innomech.sk\/pl\/wp-json\/wp\/v2\/types\/page"}],"author":[{"embeddable":true,"href":"https:\/\/www.innomech.sk\/pl\/wp-json\/wp\/v2\/users\/2"}],"replies":[{"embeddable":true,"href":"https:\/\/www.innomech.sk\/pl\/wp-json\/wp\/v2\/comments?post=1635"}],"version-history":[{"count":0,"href":"https:\/\/www.innomech.sk\/pl\/wp-json\/wp\/v2\/pages\/1635\/revisions"}],"wp:attachment":[{"href":"https:\/\/www.innomech.sk\/pl\/wp-json\/wp\/v2\/media?parent=1635"}],"curies":[{"name":"wp","href":"https:\/\/api.w.org\/{rel}","templated":true}]}}