{"id":18,"date":"2017-06-10T08:25:52","date_gmt":"2017-06-10T08:25:52","guid":{"rendered":"http:\/\/xtratheme.com\/business\/?page_id=10"},"modified":"2025-01-23T13:08:31","modified_gmt":"2025-01-23T12:08:31","slug":"kontakty","status":"publish","type":"page","link":"https:\/\/www.innomech.sk\/en\/kontakty\/","title":{"rendered":"Contacts"},"content":{"rendered":"<div class=\"wpb-content-wrapper\"><p>[vc_row][vc_column]<div class=\"cz_wrap clr\"><div id=\"cz_22878\" class=\"cz_22878 cz_title clr cz_title_ba_line cz_title_pos_inline tac\"><style class=\"cz_d_css\" data-noptimize>#cz_22878 .cz_title_content h3{font-size:44px}#cz_22878 .cz_title_line{z-index:-1}#cz_22878 .cz_title_line span,#cz_22878 .cz_line_side_solo{background-color:#f4f4f4;width:110%;height:15px;margin-left:-5%;border-radius:100px;top:-44px}<\/style><style class=\"cz_m_css\" data-noptimize>@media screen and (max-width:480px){#cz_22878 .cz_title_line span,#cz_22878 .cz_line_side_solo{width:80%}}<\/style><div class=\"cz_title_content\"><div class=\"cz_wpe_content\"><h1 style=\"text-align: center;\"><span style=\"color: #c30f17;\">Do not hesitate<\/span> to contact us<\/h1>\n<\/div><div class=\"cz_title_line cz_line_after_title\"><span>_<\/span><\/div><\/div><\/div><script>if( typeof Codevz_Plus !== \"undefined\" ) {setTimeout( function() {if( typeof Codevz_Plus.responsive_text !== \"undefined\" ) {Codevz_Plus.responsive_text();}if( typeof Codevz_Plus.title !== \"undefined\" ) {Codevz_Plus.title();}jQuery( window ).trigger( \"scroll.codevz\" ).trigger( \"scroll.lazyload\" );}, 10 );}<\/script><\/div>[vc_row_inner][vc_column_inner width=&#8221;1\/6&#8243;][\/vc_column_inner][vc_column_inner width=&#8221;2\/3&#8243;]<div class=\"cz_wrap clr\"><div id=\"cz_103177\" class=\"cz_103177 cz_title clr cz_title_pos_inline tac\"><style class=\"cz_d_css\" data-noptimize>#cz_103177 .cz_title_content h3{font-size:44px}<\/style><div class=\"cz_title_content\"><div class=\"cz_wpe_content\"><p style=\"text-align: center;\"><span style=\"color: #666666;\">Visit us and see for yourself our expertise and ability to provide solutions that meet the highest standards of quality and accuracy. We are here to help you to achieve your production goals and ensure that you are satisfied with our products and services.<\/span><\/p>\n<\/div><\/div><\/div><script>if( typeof Codevz_Plus !== \"undefined\" ) {setTimeout( function() {if( typeof Codevz_Plus.responsive_text !== \"undefined\" ) {Codevz_Plus.responsive_text();}if( typeof Codevz_Plus.title !== \"undefined\" ) {Codevz_Plus.title();}jQuery( window ).trigger( \"scroll.codevz\" ).trigger( \"scroll.lazyload\" );}, 10 );}<\/script><\/div>[\/vc_column_inner][vc_column_inner width=&#8221;1\/6&#8243;][\/vc_column_inner][\/vc_row_inner]<div class=\"cz_gap clr \" style=\"height: 100px\"><\/div>[\/vc_column][\/vc_row][vc_row][vc_column width=&#8221;1\/3&#8243;]<div class=\"cz_wrap clr\"><a href=\"mailto:info@innomech.sk\"><div id=\"cz_45647\" class=\"cz_45647 services clr style1 cz_sbi_fx_7a services_b z99 wpb_animate_when_almost_visible fadeInUp\"><style class=\"cz_d_css\" data-noptimize>#cz_45647{background-color:#ffffff;padding-top:0px;padding-bottom:40px;margin-right:40px;margin-left:40px;border-radius:7px;box-shadow:0px 5px 30px 0px rgba(0,0,0,0.1);transition: all ease-out 300ms !important}#cz_45647:hover{margin-top:-10px;box-shadow:0px 18px 32px 0px rgba(0,0,0,0.25)}#cz_45647 h3,#cz_45647 h3 a{color:#000000;padding:0px}#cz_45647 i:not(.cz_sb_sep_icon){font-size:18px;color:#ffffff;background-color:#c30f17;padding:10px;margin-top:-28px;border-width:2px;border-radius:50px}#cz_45647 .service_custom{border-radius:50px}<\/style><style class=\"cz_t_css\" data-noptimize>@media screen and (max-width:768px){#cz_45647{margin-right:5px;margin-bottom:30px;margin-left:5px}}<\/style><style class=\"cz_m_css\" data-noptimize>@media screen and (max-width:480px){#cz_45647{margin-right:0px;margin-bottom:40px;margin-left:0px}}<\/style><div class=\"service_custom\"><i class=\"fa fa-envelope\"><\/i><\/div><div class=\"service_text\"><h3>E-mail<\/h3><div class=\"cz_wpe_content\"><span style=\"color: #666666;\">info@innomech.sk<\/span><\/div><\/div><\/div><\/a><script>if( typeof Codevz_Plus !== \"undefined\" ) {setTimeout( function() {jQuery( window ).trigger( \"scroll.codevz\" ).trigger( \"scroll.lazyload\" );}, 10 );}<\/script><\/div>[\/vc_column][vc_column width=&#8221;1\/3&#8243;]<div class=\"cz_wrap clr\"><a href=\"tel:+421908586617\"><div id=\"cz_36370\" class=\"cz_36370 services clr style1 cz_sbi_fx_7a services_b z99 wpb_animate_when_almost_visible fadeInUp\"><style class=\"cz_d_css\" data-noptimize>#cz_36370{background-color:#ffffff;padding-top:0px;padding-bottom:40px;margin-right:40px;margin-left:40px;border-radius:7px;box-shadow:0px 5px 30px 0px rgba(0,0,0,0.1);transition: all ease-out 300ms !important}#cz_36370:hover{margin-top:-10px;box-shadow:0px 18px 32px 0px rgba(0,0,0,0.25)}#cz_36370 h3,#cz_36370 h3 a{color:#0c0c0c;padding:0px}#cz_36370 i:not(.cz_sb_sep_icon){font-size:18px;color:#ffffff;background-color:#c30f17;padding:10px;margin-top:-28px;border-width:2px;border-radius:50px}#cz_36370 .service_custom{border-radius:50px}<\/style><style class=\"cz_t_css\" data-noptimize>@media screen and (max-width:768px){#cz_36370{margin-right:5px;margin-bottom:30px;margin-left:5px}}<\/style><style class=\"cz_m_css\" data-noptimize>@media screen and (max-width:480px){#cz_36370{margin-right:0px;margin-bottom:40px;margin-left:0px}}<\/style><div class=\"service_custom\"><i class=\"fa fa-phone\"><\/i><\/div><div class=\"service_text\"><h3>Phone<\/h3><div class=\"cz_wpe_content\"><span style=\"color: #666666;\">+421 908 586 617<br \/>\n<\/span><\/div><\/div><\/div><\/a><script>if( typeof Codevz_Plus !== \"undefined\" ) {setTimeout( function() {jQuery( window ).trigger( \"scroll.codevz\" ).trigger( \"scroll.lazyload\" );}, 10 );}<\/script><\/div>[\/vc_column][vc_column width=&#8221;1\/3&#8243;]<div class=\"cz_wrap clr\"><a href=\"https:\/\/maps.app.goo.gl\/z9CoeLY7ZzVWKYLx6\" target=\"_blank\"><div id=\"cz_73121\" class=\"cz_73121 services clr style1 cz_sbi_fx_7a services_b z99 wpb_animate_when_almost_visible fadeInUp\"><style class=\"cz_d_css\" data-noptimize>#cz_73121{background-color:#ffffff;padding-top:0px;padding-bottom:40px;margin-right:40px;margin-left:40px;border-radius:7px;box-shadow:0px 5px 30px 0px rgba(0,0,0,0.1);transition: all ease-out 300ms !important}#cz_73121:hover{margin-top:-10px;box-shadow:0px 18px 32px 0px rgba(0,0,0,0.25)}#cz_73121 h3,#cz_73121 h3 a{color:#0c0c0c;padding:0px}#cz_73121 i:not(.cz_sb_sep_icon){font-size:18px;color:#ffffff;background-color:#c30f17;padding:10px;margin-top:-28px;border-width:2px;border-radius:50px}#cz_73121 .service_custom{border-radius:50px}<\/style><style class=\"cz_t_css\" data-noptimize>@media screen and (max-width:768px){#cz_73121{margin-right:5px;margin-bottom:30px;margin-left:5px}}<\/style><style class=\"cz_m_css\" data-noptimize>@media screen and (max-width:480px){#cz_73121{margin-right:0px;margin-bottom:40px;margin-left:0px}}<\/style><div class=\"service_custom\"><i class=\"fa czico-082-maps-and-flags\"><\/i><\/div><div class=\"service_text\"><h3>Address<\/h3><div class=\"cz_wpe_content\"><span style=\"color: #666666;\">Stani\u010dn\u00e1 1487\/15, 082 21 Ve\u013ek\u00fd \u0160ari\u0161, Slovakia<\/span><\/div><\/div><\/div><\/a><script>if( typeof Codevz_Plus !== \"undefined\" ) {setTimeout( function() {jQuery( window ).trigger( \"scroll.codevz\" ).trigger( \"scroll.lazyload\" );}, 10 );}<\/script><\/div>[\/vc_column][\/vc_row][vc_row css=&#8221;.vc_custom_1514817007671{margin-bottom: -60px !important;}&#8221;][vc_column css=&#8221;.vc_custom_1720350185978{margin-top: -80px !important;}&#8221;][vc_column_text css=&#8221;&#8221;]<iframe style=\"border: 0;\" src=\"https:\/\/www.google.com\/maps\/embed?pb=!1m18!1m12!1m3!1d2615.0901226181577!2d21.196182876854717!3d49.04690998742068!2m3!1f0!2f0!3f0!3m2!1i1024!2i768!4f13.1!3m3!1m2!1s0x473e8d0d64f1a3d5%3A0x79a3396ae79eb4b8!2sInnoMech%20k.s.!5e0!3m2!1ssk!2ssk!4v1720350111293!5m2!1ssk!2ssk\" width=\"100%\" height=\"600\" allowfullscreen=\"allowfullscreen\"><\/iframe>[\/vc_column_text][\/vc_column][\/vc_row][vc_row][vc_column]<div class=\"cz_gap clr  hide_on_mobile\" style=\"height: 110px\"><\/div><div class=\"cz_gap show_on_mobile clr\" style=\"height: 50px\"><\/div>[vc_row_inner][vc_column_inner width=&#8221;2\/4&#8243;][vc_column_text css=&#8221;&#8221;]<\/p>\n<h3>Opening hours:<\/h3>\n<p><strong>Monday &#8211; Friday<\/strong><\/p>\n<p>Morning shift: 6:00 AM &#8211; 2:00 PM<br \/>\nAfternoon shift: 2:00 PM &#8211; 10:00 PM[\/vc_column_text][\/vc_column_inner][vc_column_inner width=&#8221;1\/4&#8243;][vc_column_text css=&#8221;&#8221;]<\/p>\n<h3>Invoicing:<\/h3>\n<p>+421 948 926 644<br \/>\n<a href=\"mailto:invoice@innomech.sk\">invoice@innomech.sk<\/a>[\/vc_column_text][\/vc_column_inner][vc_column_inner width=&#8221;1\/4&#8243;][vc_column_text css=&#8221;&#8221;]<\/p>\n<h3>Orders:<\/h3>\n<p>+421 948 849 986<br \/>\n<a href=\"mailto:order@innomech.sk\">order@innomech.sk<\/a>[\/vc_column_text][\/vc_column_inner][\/vc_row_inner][\/vc_column][\/vc_row]<\/p>\n<\/div>","protected":false},"excerpt":{"rendered":"<p>[vc_row][vc_column][vc_row_inner][vc_column_inner width=&#8221;1\/6&#8243;][\/vc_column_inner][vc_column_inner width=&#8221;2\/3&#8243;][\/vc_column_inner][vc_column_inner width=&#8221;1\/6&#8243;][\/vc_column_inner][\/vc_row_inner][\/vc_column][\/vc_row][vc_row][vc_column width=&#8221;1\/3&#8243;][\/vc_column][vc_column width=&#8221;1\/3&#8243;][\/vc_column][vc_column width=&#8221;1\/3&#8243;][\/vc_column][\/vc_row][vc_row css=&#8221;.vc_custom_1514817007671{margin-bottom: -60px !important;}&#8221;][vc_column css=&#8221;.vc_custom_1720350185978{margin-top: &#8230; <\/p>\n","protected":false},"author":2,"featured_media":0,"parent":0,"menu_order":0,"comment_status":"closed","ping_status":"closed","template":"","meta":{"_seopress_robots_primary_cat":"","_seopress_titles_title":"","_seopress_titles_desc":"","_seopress_robots_index":"","footnotes":""},"class_list":["post-18","page","type-page","status-publish","hentry"],"_links":{"self":[{"href":"https:\/\/www.innomech.sk\/en\/wp-json\/wp\/v2\/pages\/18","targetHints":{"allow":["GET"]}}],"collection":[{"href":"https:\/\/www.innomech.sk\/en\/wp-json\/wp\/v2\/pages"}],"about":[{"href":"https:\/\/www.innomech.sk\/en\/wp-json\/wp\/v2\/types\/page"}],"author":[{"embeddable":true,"href":"https:\/\/www.innomech.sk\/en\/wp-json\/wp\/v2\/users\/2"}],"replies":[{"embeddable":true,"href":"https:\/\/www.innomech.sk\/en\/wp-json\/wp\/v2\/comments?post=18"}],"version-history":[{"count":0,"href":"https:\/\/www.innomech.sk\/en\/wp-json\/wp\/v2\/pages\/18\/revisions"}],"wp:attachment":[{"href":"https:\/\/www.innomech.sk\/en\/wp-json\/wp\/v2\/media?parent=18"}],"curies":[{"name":"wp","href":"https:\/\/api.w.org\/{rel}","templated":true}]}}