{"id":1635,"date":"2024-07-07T00:16:14","date_gmt":"2024-07-06T22:16:14","guid":{"rendered":"https:\/\/www.innomech.sk\/?page_id=1635"},"modified":"2025-01-23T12:31:44","modified_gmt":"2025-01-23T11:31:44","slug":"o-nas","status":"publish","type":"page","link":"https:\/\/www.innomech.sk\/en\/o-nas\/","title":{"rendered":"About us"},"content":{"rendered":"<div class=\"wpb-content-wrapper\"><p>[vc_row][vc_column offset=&#8221;vc_col-lg-6&#8243;]<div class=\"cz_wrap clr\"><div class=\"cz_free_position_element\" data-top=\"-20.78%\" data-left=\"-39.72%\" style=\"top:-20.78%;left:-39.72%;width:510px;z-index:-1;\"><div><div class=\"cz_wrap clr\"><div id=\"cz_50791\" class=\"cz_50791 cz_image clr cz_image_no_fx center_on_mobile\"><style class=\"cz_d_css\" data-noptimize>#cz_50791 > div{position:relative;}<\/style><div class=\"\" ><div class=\"cz_image_in\"><div class=\"cz_main_image\"><img decoding=\"async\" width=\"585\" height=\"591\" src=\"https:\/\/www.innomech.sk\/wp-content\/uploads\/2024\/07\/shape1.png\" class=\"attachment-full\" alt=\"\" title=\"shape1\" srcset=\"https:\/\/www.innomech.sk\/wp-content\/uploads\/2024\/07\/shape1.png 585w, https:\/\/www.innomech.sk\/wp-content\/uploads\/2024\/07\/shape1-297x300.png 297w, https:\/\/www.innomech.sk\/wp-content\/uploads\/2024\/07\/shape1-100x100.png 100w\" sizes=\"(max-width: 585px) 100vw, 585px\" \/><\/div><\/div><\/div><\/div><script>if( typeof Codevz_Plus !== \"undefined\" ) {setTimeout( function() {Codevz_Plus.image( \"cz_50791\" );if( typeof Codevz_Plus.titl !== \"undefined\" ) {Codevz_Plus.titl();}jQuery( window ).trigger( \"scroll.codevz\" ).trigger( \"scroll.lazyload\" );}, 10 );}<\/script><\/div><\/div><\/div><script>if( typeof Codevz_Plus !== \"undefined\" ) {setTimeout( function() {Codevz_Plus.free_position_element( \".vc_cz_free_position_element\" );jQuery( window ).trigger( \"scroll.codevz\" ).trigger( \"scroll.lazyload\" );}, 10 );}<\/script><\/div><div class=\"cz_wrap clr\"><div class=\"cz_eqh cz_content_box_parent_fx  \"><div id=\"cz_36566\" class=\"cz_36566 cz_content_box clr\"><style class=\"cz_d_css\" data-noptimize>#cz_36566 .cz_box_front_inner{padding:0px;margin-right:75px}<\/style><style class=\"cz_t_css\" data-noptimize>@media screen and (max-width:768px){#cz_36566 .cz_box_front_inner{padding-right:0px;padding-left:0px;margin-right:0px;margin-left:0px}}<\/style><div class=\"cz_box_front clr\"><div class=\"cz_box_front_inner clr \"><span><\/span><div><div class=\"cz_gap clr  hide_on_tablet hide_on_mobile\" style=\"height: 25px\"><\/div><div class=\"cz_gap show_on_tablet clr \" style=\"height: 0px\"><\/div><div class=\"cz_wrap clr\"><div id=\"cz_91367\" class=\"cz_91367 cz_title clr cz_smart_fs cz_mobile_text_center cz_title_pos_inline\"><div class=\"cz_title_content\"><div class=\"cz_wpe_content\"><h1><span style=\"font-size: 42px;\">Company profile and <span style=\"color: #c30f17;\">production focus<\/span><\/span><\/h1>\n<\/div><\/div><\/div><script>if( typeof Codevz_Plus !== \"undefined\" ) {setTimeout( function() {if( typeof Codevz_Plus.responsive_text !== \"undefined\" ) {Codevz_Plus.responsive_text();}if( typeof Codevz_Plus.title !== \"undefined\" ) {Codevz_Plus.title();}jQuery( window ).trigger( \"scroll.codevz\" ).trigger( \"scroll.lazyload\" );}, 10 );}<\/script><\/div><div class=\"cz_gap clr \" style=\"height: 20px\"><\/div><div class=\"cz_wrap clr\"><div id=\"cz_51504\" class=\"cz_51504 cz_title clr cz_mobile_text_center cz_title_pos_inline\"><div class=\"cz_title_content\"><div class=\"cz_wpe_content\"><p>Welcome to InnoMech k.s., your partner for precision manufacturing and innovative mechanical solutions. Since our establishment in 2013, we have been constantly improving. In 2018, we moved to our own modern production facilities in Ve\u013ek\u00fd \u0160ari\u0161 with an area of 1300 m\u00b2. Our processes and products are certified according to DIN ISO 9001. This underlines our commitment to quality and excellence.<br \/>\nOur dedicated team specialises in customer care, project management, data preparation from various formats, technology planning, production and quality control. We adapt flexibly to your requirements and we continuously aim to modernise our production technology in order to provide you with the best results possible in both piece and series production.<\/p>\n<\/div><\/div><\/div><script>if( typeof Codevz_Plus !== \"undefined\" ) {setTimeout( function() {if( typeof Codevz_Plus.responsive_text !== \"undefined\" ) {Codevz_Plus.responsive_text();}if( typeof Codevz_Plus.title !== \"undefined\" ) {Codevz_Plus.title();}jQuery( window ).trigger( \"scroll.codevz\" ).trigger( \"scroll.lazyload\" );}, 10 );}<\/script><\/div><div class=\"cz_gap clr \" style=\"height: 20px\"><\/div><div class=\"cz_wrap clr\"><div id=\"cz_33446\" class=\"cz_33446 cz_title clr cz_mobile_text_center cz_title_pos_inline\"><div class=\"cz_title_content\"><div class=\"cz_wpe_content\"><p>Our service offering ranges from data preparation to assembly, including material procurement, CAM programming, CNC machining, and quality control. We also offer surface and heat treatments to ensure that our products have long\u2014term durability and utility. In every step we guarantee precision and efficiency utilizing modern machinery.<\/p>\n<p>Put your trust in us &#8211; where precision meets innovation.<\/p>\n<\/div><\/div><\/div><script>if( typeof Codevz_Plus !== \"undefined\" ) {setTimeout( function() {if( typeof Codevz_Plus.responsive_text !== \"undefined\" ) {Codevz_Plus.responsive_text();}if( typeof Codevz_Plus.title !== \"undefined\" ) {Codevz_Plus.title();}jQuery( window ).trigger( \"scroll.codevz\" ).trigger( \"scroll.lazyload\" );}, 10 );}<\/script><\/div><div class=\"cz_gap clr  hide_on_tablet hide_on_mobile\" style=\"height: 75px\"><\/div><div class=\"cz_gap show_on_tablet clr \" style=\"height: 50px\"><\/div><\/div><\/div><\/div><\/div><\/div><script>if( typeof Codevz_Plus !== \"undefined\" ) {setTimeout( function() {Codevz_Plus.content_box( true );if( typeof Codevz_Plus.tilt !== \"undefined\" ) {Codevz_Plus.tilt();}jQuery( window ).trigger( \"scroll.codevz\" ).trigger( \"scroll.lazyload\" );}, 10 );}<\/script><\/div><div class=\"cz_gap clr  hide_on_tablet hide_on_mobile\" style=\"height: 40px\"><\/div><div class=\"cz_gap show_on_tablet clr \" style=\"height: 50px\"><\/div>[\/vc_column][vc_column offset=&#8221;vc_col-lg-6&#8243;]<div class=\"cz_gap clr  hide_on_tablet hide_on_mobile\" style=\"height: 25px\"><\/div><div class=\"cz_gap show_on_tablet clr \" style=\"height: 0px\"><\/div><div class=\"cz_wrap clr\"><div id=\"cz_78570\" class=\"cz_78570 cz_image clr cz_image_no_fx cz_smart_fs center_on_mobile\"><style class=\"cz_d_css\" data-noptimize>#cz_78570 .cz_image_in{background-color:#ffffff}#cz_78570 .cz_image_caption{color:#ffffff;background-color:#c30f17;padding:30px 50px;border-radius:25px;box-shadow:0px 11px 55px -8px rgba(0,0,0,0.27);position:absolute;bottom:-30px;left:-50px}#cz_78570 > div{position:relative;display: table;margin:0 auto;}<\/style><style class=\"cz_t_css\" data-noptimize>@media screen and (max-width:768px){#cz_78570 .cz_image_caption{padding:20px 40px}}<\/style><style class=\"cz_m_css\" data-noptimize>@media screen and (max-width:480px){#cz_78570 .cz_image_caption{position:static}}<\/style><div class=\"\" ><div class=\"cz_image_in\"><div class=\"cz_main_image\"><img decoding=\"async\" width=\"800\" height=\"800\" src=\"https:\/\/www.innomech.sk\/wp-content\/uploads\/2024\/09\/foto2.webp\" class=\"attachment-full\" alt=\"\" title=\"foto2\" srcset=\"https:\/\/www.innomech.sk\/wp-content\/uploads\/2024\/09\/foto2.webp 800w, https:\/\/www.innomech.sk\/wp-content\/uploads\/2024\/09\/foto2-300x300.webp 300w, https:\/\/www.innomech.sk\/wp-content\/uploads\/2024\/09\/foto2-150x150.webp 150w, https:\/\/www.innomech.sk\/wp-content\/uploads\/2024\/09\/foto2-768x768.webp 768w, https:\/\/www.innomech.sk\/wp-content\/uploads\/2024\/09\/foto2-600x600.webp 600w\" sizes=\"(max-width: 800px) 100vw, 800px\" \/><\/div><\/div><div class=\"cz_image_caption mt10\"><h3>From data preparation <br class=\"clr\" \/>to assembly<\/h3>\n<p>Piece and serial production of parts and assemblies.<\/div><\/div><\/div><script>if( typeof Codevz_Plus !== \"undefined\" ) {setTimeout( function() {Codevz_Plus.image( \"cz_78570\" );if( typeof Codevz_Plus.titl !== \"undefined\" ) {Codevz_Plus.titl();}jQuery( window ).trigger( \"scroll.codevz\" ).trigger( \"scroll.lazyload\" );}, 10 );}<\/script><\/div>[\/vc_column][\/vc_row]<\/p>\n<\/div>","protected":false},"excerpt":{"rendered":"<p>[vc_row][vc_column offset=&#8221;vc_col-lg-6&#8243;][\/vc_column][vc_column offset=&#8221;vc_col-lg-6&#8243;][\/vc_column][\/vc_row] &#8230; <\/p>\n","protected":false},"author":2,"featured_media":0,"parent":0,"menu_order":0,"comment_status":"closed","ping_status":"closed","template":"","meta":{"_seopress_robots_primary_cat":"","_seopress_titles_title":"","_seopress_titles_desc":"V\u00e1\u0161 partner pre prec\u00edznu v\u00fdrobu a inovat\u00edvne mechanick\u00e9 rie\u0161enia. Na\u0161e procesy a v\u00fdrobky s\u00fa certifikovan\u00e9 pod\u013ea DIN ISO 9001, \u010do pod\u010diarkuje na\u0161u kvalitu.","_seopress_robots_index":"","footnotes":""},"class_list":["post-1635","page","type-page","status-publish","hentry"],"_links":{"self":[{"href":"https:\/\/www.innomech.sk\/en\/wp-json\/wp\/v2\/pages\/1635","targetHints":{"allow":["GET"]}}],"collection":[{"href":"https:\/\/www.innomech.sk\/en\/wp-json\/wp\/v2\/pages"}],"about":[{"href":"https:\/\/www.innomech.sk\/en\/wp-json\/wp\/v2\/types\/page"}],"author":[{"embeddable":true,"href":"https:\/\/www.innomech.sk\/en\/wp-json\/wp\/v2\/users\/2"}],"replies":[{"embeddable":true,"href":"https:\/\/www.innomech.sk\/en\/wp-json\/wp\/v2\/comments?post=1635"}],"version-history":[{"count":0,"href":"https:\/\/www.innomech.sk\/en\/wp-json\/wp\/v2\/pages\/1635\/revisions"}],"wp:attachment":[{"href":"https:\/\/www.innomech.sk\/en\/wp-json\/wp\/v2\/media?parent=1635"}],"curies":[{"name":"wp","href":"https:\/\/api.w.org\/{rel}","templated":true}]}}