{"id":1637,"date":"2024-07-07T00:16:45","date_gmt":"2024-07-06T22:16:45","guid":{"rendered":"https:\/\/www.innomech.sk\/?page_id=1637"},"modified":"2025-02-07T00:02:47","modified_gmt":"2025-02-06T23:02:47","slug":"technologia","status":"publish","type":"page","link":"https:\/\/www.innomech.sk\/de\/technologia\/","title":{"rendered":"Technologien"},"content":{"rendered":"<div class=\"wpb-content-wrapper\"><p>[vc_row][vc_column offset=&#8220;vc_col-lg-6&#8243;]<div class=\"cz_wrap clr\"><div class=\"cz_free_position_element\" data-top=\"-20.78%\" data-left=\"-39.72%\" style=\"top:-20.78%;left:-39.72%;width:510px;z-index:-1;\"><div><div class=\"cz_wrap clr\"><div id=\"cz_50791\" class=\"cz_50791 cz_image clr cz_image_no_fx center_on_mobile\"><style class=\"cz_d_css\" data-noptimize>#cz_50791 > div{position:relative;}<\/style><div class=\"\" ><div class=\"cz_image_in\"><div class=\"cz_main_image\"><img decoding=\"async\" width=\"585\" height=\"591\" src=\"https:\/\/www.innomech.sk\/wp-content\/uploads\/2024\/07\/shape1.png\" class=\"attachment-full\" alt=\"\" title=\"shape1\" srcset=\"https:\/\/www.innomech.sk\/wp-content\/uploads\/2024\/07\/shape1.png 585w, https:\/\/www.innomech.sk\/wp-content\/uploads\/2024\/07\/shape1-297x300.png 297w, https:\/\/www.innomech.sk\/wp-content\/uploads\/2024\/07\/shape1-100x100.png 100w\" sizes=\"(max-width: 585px) 100vw, 585px\" \/><\/div><\/div><\/div><\/div><script>if( typeof Codevz_Plus !== \"undefined\" ) {setTimeout( function() {Codevz_Plus.image( \"cz_50791\" );if( typeof Codevz_Plus.titl !== \"undefined\" ) {Codevz_Plus.titl();}jQuery( window ).trigger( \"scroll.codevz\" ).trigger( \"scroll.lazyload\" );}, 10 );}<\/script><\/div><\/div><\/div><script>if( typeof Codevz_Plus !== \"undefined\" ) {setTimeout( function() {Codevz_Plus.free_position_element( \".vc_cz_free_position_element\" );jQuery( window ).trigger( \"scroll.codevz\" ).trigger( \"scroll.lazyload\" );}, 10 );}<\/script><\/div><div class=\"cz_wrap clr\"><div class=\"cz_eqh cz_content_box_parent_fx  \"><div id=\"cz_36566\" class=\"cz_36566 cz_content_box clr\"><style class=\"cz_d_css\" data-noptimize>#cz_36566 .cz_box_front_inner{padding:0px;margin-right:75px}<\/style><style class=\"cz_t_css\" data-noptimize>@media screen and (max-width:768px){#cz_36566 .cz_box_front_inner{padding-right:0px;padding-left:0px;margin-right:0px;margin-left:0px}}<\/style><div class=\"cz_box_front clr\"><div class=\"cz_box_front_inner clr \"><span><\/span><div><div class=\"cz_gap clr  hide_on_tablet hide_on_mobile\" style=\"height: 25px\"><\/div><div class=\"cz_gap show_on_tablet clr \" style=\"height: 0px\"><\/div><div class=\"cz_wrap clr\"><div id=\"cz_94440\" class=\"cz_94440 cz_title clr cz_smart_fs cz_mobile_text_center cz_title_pos_inline\"><div class=\"cz_title_content\"><div class=\"cz_wpe_content\"><h1><span style=\"font-size: 42px;\">Unsere <span style=\"color: #c30f17;\">Technologien<\/span><\/span><\/h1>\n<\/div><\/div><\/div><script>if( typeof Codevz_Plus !== \"undefined\" ) {setTimeout( function() {if( typeof Codevz_Plus.responsive_text !== \"undefined\" ) {Codevz_Plus.responsive_text();}if( typeof Codevz_Plus.title !== \"undefined\" ) {Codevz_Plus.title();}jQuery( window ).trigger( \"scroll.codevz\" ).trigger( \"scroll.lazyload\" );}, 10 );}<\/script><\/div><div class=\"cz_gap clr \" style=\"height: 20px\"><\/div><div class=\"cz_wrap clr\"><div id=\"cz_28269\" class=\"cz_28269 cz_title clr cz_mobile_text_center cz_title_pos_inline\"><div class=\"cz_title_content\"><div class=\"cz_wpe_content\"><p>Zur Herstellung Ihrer Teile verf\u00fcgen wir \u00fcber eine Vielzahl unterschiedlicher Fertigungsverfahren. Beginnend vom Materialzuschnitt durch S\u00e4gen oder Brennschneiden \u00fcber optionale Zwischenschritte wie z.B. Sandstrahlen oder MIG-Schwei\u00dfen bis zur zerspanenden Bearbeitung. Erg\u00e4nzend k\u00f6nnen auch W\u00e4rmebehandlung und Oberfl\u00e4chenbeschichtungen durchgef\u00fchrt werden. <\/p>\n<\/div><\/div><\/div><script>if( typeof Codevz_Plus !== \"undefined\" ) {setTimeout( function() {if( typeof Codevz_Plus.responsive_text !== \"undefined\" ) {Codevz_Plus.responsive_text();}if( typeof Codevz_Plus.title !== \"undefined\" ) {Codevz_Plus.title();}jQuery( window ).trigger( \"scroll.codevz\" ).trigger( \"scroll.lazyload\" );}, 10 );}<\/script><\/div><div class=\"cz_gap clr \" style=\"height: 20px\"><\/div><div class=\"cz_wrap clr\"><div id=\"cz_54439\" class=\"cz_54439 cz_title clr cz_mobile_text_center cz_title_pos_inline\"><div class=\"cz_title_content\"><div class=\"cz_wpe_content\"><p>Basis unserer Arbeit sind Ihre 3D Daten aus denen wir mit CAM-Software Programme f\u00fcr die Bearbeitungszentren erzeugen. Die Bandbreite unserer Fertigungsm\u00f6glichkeiten reicht von klassischer 3-Achsenbearbeitung bis zu komplexer 5-Achchsen Simultanbearbeitung. Dadurch sind wir in der Lage Ihre Anforderungen zuverl\u00e4ssig und effizient umzusetzen.<\/p>\n<\/div><\/div><\/div><script>if( typeof Codevz_Plus !== \"undefined\" ) {setTimeout( function() {if( typeof Codevz_Plus.responsive_text !== \"undefined\" ) {Codevz_Plus.responsive_text();}if( typeof Codevz_Plus.title !== \"undefined\" ) {Codevz_Plus.title();}jQuery( window ).trigger( \"scroll.codevz\" ).trigger( \"scroll.lazyload\" );}, 10 );}<\/script><\/div><div class=\"cz_gap clr \" style=\"height: 20px\"><\/div><div class=\"cz_wrap clr\"><div id=\"cz_87188\" class=\"cz_87188 cz_title clr cz_mobile_text_center cz_title_pos_inline\"><div class=\"cz_title_content\"><div class=\"cz_wpe_content\"><p>Die Qualit\u00e4tskontrolle ist ein wesentlicher Bestandteil unserer T\u00e4tigkeit. Diese Phase ist entscheidend, um sicherzustellen, dass alle hergestellten Teile Ihren Anforderungen entsprechen. Die Qualit\u00e4tskontrolle findet in mehreren Produktionsphasen statt und umfasst den Einsatz moderner Messinstrumente und -techniken.<\/p>\n<\/div><\/div><\/div><script>if( typeof Codevz_Plus !== \"undefined\" ) {setTimeout( function() {if( typeof Codevz_Plus.responsive_text !== \"undefined\" ) {Codevz_Plus.responsive_text();}if( typeof Codevz_Plus.title !== \"undefined\" ) {Codevz_Plus.title();}jQuery( window ).trigger( \"scroll.codevz\" ).trigger( \"scroll.lazyload\" );}, 10 );}<\/script><\/div><\/div><\/div><\/div><\/div><\/div><script>if( typeof Codevz_Plus !== \"undefined\" ) {setTimeout( function() {Codevz_Plus.content_box( true );if( typeof Codevz_Plus.tilt !== \"undefined\" ) {Codevz_Plus.tilt();}jQuery( window ).trigger( \"scroll.codevz\" ).trigger( \"scroll.lazyload\" );}, 10 );}<\/script><\/div><div class=\"cz_gap clr  hide_on_tablet hide_on_mobile\" style=\"height: 40px\"><\/div><div class=\"cz_gap show_on_tablet clr \" style=\"height: 50px\"><\/div>[\/vc_column][vc_column offset=&#8220;vc_col-lg-6&#8243;]<div class=\"cz_gap clr  hide_on_tablet hide_on_mobile\" style=\"height: 25px\"><\/div><div class=\"cz_gap show_on_tablet clr \" style=\"height: 0px\"><\/div><div class=\"cz_wrap clr\"><div id=\"cz_37116\" class=\"cz_37116 cz_image clr cz_image_no_fx cz_smart_fs center_on_mobile\"><style class=\"cz_d_css\" data-noptimize>#cz_37116 .cz_image_in{background-color:#ffffff}#cz_37116 .cz_image_caption{color:#ffffff;background-color:#c30f17;padding:30px 50px;border-radius:25px;box-shadow:0px 11px 55px -8px rgba(0,0,0,0.27);position:absolute;bottom:-30px;left:-50px}#cz_37116 > div{position:relative;display: table;margin:0 auto;}<\/style><style class=\"cz_t_css\" data-noptimize>@media screen and (max-width:768px){#cz_37116 .cz_image_caption{padding:20px 40px}}<\/style><style class=\"cz_m_css\" data-noptimize>@media screen and (max-width:480px){#cz_37116 .cz_image_caption{position:static}}<\/style><div class=\"\" ><div class=\"cz_image_in\"><div class=\"cz_main_image\"><img decoding=\"async\" width=\"800\" height=\"800\" src=\"https:\/\/www.innomech.sk\/wp-content\/uploads\/2024\/11\/foto3.webp\" class=\"attachment-full\" alt=\"\" title=\"foto3\" srcset=\"https:\/\/www.innomech.sk\/wp-content\/uploads\/2024\/11\/foto3.webp 800w, https:\/\/www.innomech.sk\/wp-content\/uploads\/2024\/11\/foto3-300x300.webp 300w, https:\/\/www.innomech.sk\/wp-content\/uploads\/2024\/11\/foto3-150x150.webp 150w, https:\/\/www.innomech.sk\/wp-content\/uploads\/2024\/11\/foto3-768x768.webp 768w, https:\/\/www.innomech.sk\/wp-content\/uploads\/2024\/11\/foto3-600x600.webp 600w\" sizes=\"(max-width: 800px) 100vw, 800px\" \/><\/div><\/div><div class=\"cz_image_caption mt10\"><h3>Von der Arbeitsplanung <br class=\"clr\" \/>bis zur Montage<\/h3>\n<p>Einzel- und Serienfertigung von Teilen und Baugruppen.<\/div><\/div><\/div><script>if( typeof Codevz_Plus !== \"undefined\" ) {setTimeout( function() {Codevz_Plus.image( \"cz_37116\" );if( typeof Codevz_Plus.titl !== \"undefined\" ) {Codevz_Plus.titl();}jQuery( window ).trigger( \"scroll.codevz\" ).trigger( \"scroll.lazyload\" );}, 10 );}<\/script><\/div>[\/vc_column][\/vc_row][vc_row][vc_column]<div class=\"cz_wrap clr\"><div id=\"cz_83419\" class=\"cz_83419 cz_title clr cz_mobile_text_center cz_title_pos_inline\"><div class=\"cz_title_content\"><div class=\"cz_wpe_content\"><p>Unser Unternehmen ist st\u00e4ndig bestrebt seine Herstellungsverfahren, Technologien und Dienstleistungen zu erneuern und zu verbessern. Unser Engagement f\u00fcr Qualit\u00e4t und Pr\u00e4zision macht uns zu einem zuverl\u00e4ssigen Partner f\u00fcr unsere Kunden in der Automobil- und Maschinenbauindustrie. Wir sind stolz darauf, durch unsere hervorragenden Produkte und Dienstleistungen zu ihrem Erfolg beizutragen.<\/p>\n<\/div><\/div><\/div><script>if( typeof Codevz_Plus !== \"undefined\" ) {setTimeout( function() {if( typeof Codevz_Plus.responsive_text !== \"undefined\" ) {Codevz_Plus.responsive_text();}if( typeof Codevz_Plus.title !== \"undefined\" ) {Codevz_Plus.title();}jQuery( window ).trigger( \"scroll.codevz\" ).trigger( \"scroll.lazyload\" );}, 10 );}<\/script><\/div><div class=\"cz_gap clr \" style=\"height: 20px\"><\/div><div class=\"cz_gap clr \" style=\"height: 20px\"><\/div>[vc_row_inner][vc_column_inner width=&#8220;1\/3&#8243;]<div class=\"cz_wrap clr\"><ul id=\"cz_82454\" class=\"cz_82454 cz_stylish_list clr cz_sl_icon_hover_zoom_in_fade\"><style class=\"cz_d_css\" data-noptimize>#cz_82454 li{font-size:18px;font-weight:700;margin-bottom:15px}#cz_82454 li:hover{color:#223d65}#cz_82454 i{font-size:20px;color:#ffffff;background-color:#000000;padding:3px;margin-right:15px;border-radius:100px}#cz_82454 li:hover i{color:#ffffff;background-color:#c30f17}<\/style><li class=\"clr\"><div class=\"cz_sl_icon\"><i class=\"fa czico-072-check-mark mr10\" ><\/i><\/div><div><span>S\u00e4gen<\/span><\/div><\/li><li class=\"clr\"><div class=\"cz_sl_icon\"><i class=\"fa czico-072-check-mark mr10\" ><\/i><\/div><div><span>MIG Schwei\u00dfen<\/span><\/div><\/li><li class=\"clr\"><div class=\"cz_sl_icon\"><i class=\"fa czico-072-check-mark mr10\" ><\/i><\/div><div><span>Sandstrahlen<\/span><\/div><\/li><li class=\"clr\"><div class=\"cz_sl_icon\"><i class=\"fa czico-072-check-mark mr10\" ><\/i><\/div><div><span>Lackieren<\/span><\/div><\/li><li class=\"clr\"><div class=\"cz_sl_icon\"><i class=\"fa czico-072-check-mark mr10\" ><\/i><\/div><div><span>Br\u00fcnieren<\/span><\/div><\/li><\/ul><script>if( typeof Codevz_Plus !== \"undefined\" ) {setTimeout( function() {jQuery( window ).trigger( \"scroll.codevz\" ).trigger( \"scroll.lazyload\" );}, 10 );}<\/script><\/div>[\/vc_column_inner][vc_column_inner width=&#8220;2\/3&#8243;]<div class=\"cz_wrap clr\"><ul id=\"cz_78028\" class=\"cz_78028 cz_stylish_list clr cz_sl_icon_hover_zoom_in_fade\"><style class=\"cz_d_css\" data-noptimize>#cz_78028 li{font-size:18px;font-weight:700;margin-bottom:15px}#cz_78028 li:hover{color:#223d65}#cz_78028 i{font-size:20px;color:#ffffff;background-color:#000000;padding:3px;margin-right:15px;border-radius:100px}#cz_78028 li:hover i{color:#ffffff;background-color:#c30f17}<\/style><li class=\"clr\"><div class=\"cz_sl_icon\"><i class=\"fa czico-072-check-mark mr10\" ><\/i><\/div><div><span>CAM Programmieren<\/span><\/div><\/li><li class=\"clr\"><div class=\"cz_sl_icon\"><i class=\"fa czico-072-check-mark mr10\" ><\/i><\/div><div><span>CNC Drehen<\/span><\/div><\/li><li class=\"clr\"><div class=\"cz_sl_icon\"><i class=\"fa czico-072-check-mark mr10\" ><\/i><\/div><div><span>CNC Fr\u00e4sen<\/span><\/div><\/li><li class=\"clr\"><div class=\"cz_sl_icon\"><i class=\"fa czico-072-check-mark mr10\" ><\/i><\/div><div><span>Montage und Inbetriebnahme<\/span><\/div><\/li><li class=\"clr\"><div class=\"cz_sl_icon\"><i class=\"fa czico-072-check-mark mr10\" ><\/i><\/div><div><span>Qualit\u00e4tskontrolle<\/span><\/div><\/li><\/ul><script>if( typeof Codevz_Plus !== \"undefined\" ) {setTimeout( function() {jQuery( window ).trigger( \"scroll.codevz\" ).trigger( \"scroll.lazyload\" );}, 10 );}<\/script><\/div>[\/vc_column_inner][\/vc_row_inner][\/vc_column][\/vc_row]<\/p>\n<\/div>","protected":false},"excerpt":{"rendered":"<p>[vc_row][vc_column offset=&#8220;vc_col-lg-6&#8243;][\/vc_column][vc_column offset=&#8220;vc_col-lg-6&#8243;][\/vc_column][\/vc_row][vc_row][vc_column][vc_row_inner][vc_column_inner width=&#8220;1\/3&#8243;][\/vc_column_inner][vc_column_inner width=&#8220;2\/3&#8243;][\/vc_column_inner][\/vc_row_inner][\/vc_column][\/vc_row] &#8230; <\/p>\n","protected":false},"author":2,"featured_media":0,"parent":0,"menu_order":0,"comment_status":"closed","ping_status":"closed","template":"","meta":{"_seopress_robots_primary_cat":"","_seopress_titles_title":"","_seopress_titles_desc":"","_seopress_robots_index":"","footnotes":""},"class_list":["post-1637","page","type-page","status-publish","hentry"],"_links":{"self":[{"href":"https:\/\/www.innomech.sk\/de\/wp-json\/wp\/v2\/pages\/1637","targetHints":{"allow":["GET"]}}],"collection":[{"href":"https:\/\/www.innomech.sk\/de\/wp-json\/wp\/v2\/pages"}],"about":[{"href":"https:\/\/www.innomech.sk\/de\/wp-json\/wp\/v2\/types\/page"}],"author":[{"embeddable":true,"href":"https:\/\/www.innomech.sk\/de\/wp-json\/wp\/v2\/users\/2"}],"replies":[{"embeddable":true,"href":"https:\/\/www.innomech.sk\/de\/wp-json\/wp\/v2\/comments?post=1637"}],"version-history":[{"count":0,"href":"https:\/\/www.innomech.sk\/de\/wp-json\/wp\/v2\/pages\/1637\/revisions"}],"wp:attachment":[{"href":"https:\/\/www.innomech.sk\/de\/wp-json\/wp\/v2\/media?parent=1637"}],"curies":[{"name":"wp","href":"https:\/\/api.w.org\/{rel}","templated":true}]}}