{"id":1635,"date":"2024-07-07T00:16:14","date_gmt":"2024-07-06T22:16:14","guid":{"rendered":"https:\/\/www.innomech.sk\/?page_id=1635"},"modified":"2025-01-23T12:31:44","modified_gmt":"2025-01-23T11:31:44","slug":"o-nas","status":"publish","type":"page","link":"https:\/\/www.innomech.sk\/de\/o-nas\/","title":{"rendered":"\u00dcber uns"},"content":{"rendered":"<div class=\"wpb-content-wrapper\"><p>[vc_row][vc_column offset=&#8220;vc_col-lg-6&#8243;]<div class=\"cz_wrap clr\"><div class=\"cz_free_position_element\" data-top=\"-20.78%\" data-left=\"-39.72%\" style=\"top:-20.78%;left:-39.72%;width:510px;z-index:-1;\"><div><div class=\"cz_wrap clr\"><div id=\"cz_50791\" class=\"cz_50791 cz_image clr cz_image_no_fx center_on_mobile\"><style class=\"cz_d_css\" data-noptimize>#cz_50791 > div{position:relative;}<\/style><div class=\"\" ><div class=\"cz_image_in\"><div class=\"cz_main_image\"><img decoding=\"async\" width=\"585\" height=\"591\" src=\"https:\/\/www.innomech.sk\/wp-content\/uploads\/2024\/07\/shape1.png\" class=\"attachment-full\" alt=\"\" title=\"shape1\" srcset=\"https:\/\/www.innomech.sk\/wp-content\/uploads\/2024\/07\/shape1.png 585w, https:\/\/www.innomech.sk\/wp-content\/uploads\/2024\/07\/shape1-297x300.png 297w, https:\/\/www.innomech.sk\/wp-content\/uploads\/2024\/07\/shape1-100x100.png 100w\" sizes=\"(max-width: 585px) 100vw, 585px\" \/><\/div><\/div><\/div><\/div><script>if( typeof Codevz_Plus !== \"undefined\" ) {setTimeout( function() {Codevz_Plus.image( \"cz_50791\" );if( typeof Codevz_Plus.titl !== \"undefined\" ) {Codevz_Plus.titl();}jQuery( window ).trigger( \"scroll.codevz\" ).trigger( \"scroll.lazyload\" );}, 10 );}<\/script><\/div><\/div><\/div><script>if( typeof Codevz_Plus !== \"undefined\" ) {setTimeout( function() {Codevz_Plus.free_position_element( \".vc_cz_free_position_element\" );jQuery( window ).trigger( \"scroll.codevz\" ).trigger( \"scroll.lazyload\" );}, 10 );}<\/script><\/div><div class=\"cz_wrap clr\"><div class=\"cz_eqh cz_content_box_parent_fx  \"><div id=\"cz_36566\" class=\"cz_36566 cz_content_box clr\"><style class=\"cz_d_css\" data-noptimize>#cz_36566 .cz_box_front_inner{padding:0px;margin-right:75px}<\/style><style class=\"cz_t_css\" data-noptimize>@media screen and (max-width:768px){#cz_36566 .cz_box_front_inner{padding-right:0px;padding-left:0px;margin-right:0px;margin-left:0px}}<\/style><div class=\"cz_box_front clr\"><div class=\"cz_box_front_inner clr \"><span><\/span><div><div class=\"cz_gap clr  hide_on_tablet hide_on_mobile\" style=\"height: 25px\"><\/div><div class=\"cz_gap show_on_tablet clr \" style=\"height: 0px\"><\/div><div class=\"cz_wrap clr\"><div id=\"cz_102768\" class=\"cz_102768 cz_title clr cz_smart_fs cz_mobile_text_center cz_title_pos_inline\"><div class=\"cz_title_content\"><div class=\"cz_wpe_content\"><h1><span style=\"font-size: 42px;\">Firmenprofil und <span style=\"color: #c30f17;\">Produktionsschwerpunkte<\/span> <\/span><\/h1>\n<\/div><\/div><\/div><script>if( typeof Codevz_Plus !== \"undefined\" ) {setTimeout( function() {if( typeof Codevz_Plus.responsive_text !== \"undefined\" ) {Codevz_Plus.responsive_text();}if( typeof Codevz_Plus.title !== \"undefined\" ) {Codevz_Plus.title();}jQuery( window ).trigger( \"scroll.codevz\" ).trigger( \"scroll.lazyload\" );}, 10 );}<\/script><\/div><div class=\"cz_gap clr \" style=\"height: 20px\"><\/div><div class=\"cz_wrap clr\"><div id=\"cz_70828\" class=\"cz_70828 cz_title clr cz_mobile_text_center cz_title_pos_inline\"><div class=\"cz_title_content\"><div class=\"cz_wpe_content\"><p>Willkommen bei InnoMech k.s., Ihrem Partner f\u00fcr Pr\u00e4zisionsfertigung und innovative mechanische L\u00f6sungen. Seit unserer Gr\u00fcndung im Jahr 2013 haben wir uns kontinuierlich weiterentwickelt. Im Jahr 2018 sind wir in unsere eigenen modernen Produktionsr\u00e4ume auf 1300 m\u00b2 in Ve\u013ek\u00fd \u0160ari\u0161 umgezogen. Unsere Prozesse und Produkte sind nach DIN ISO 9001 zertifiziert, was unser Engagement f\u00fcr Qualit\u00e4t und Exzellenz unterstreicht.<br \/>\nUnser motiviertes Team ist spezialisiert auf Kundenbetreuung, Projektmanagement, Datenaufbereitung aus verschiedenen Formaten, Technologieplanung, Fertigung und Qualit\u00e4tskontrolle.<br \/>\nWir stellen uns flexibel auf Ihre Produktanforderungen ein und sind bestrebt, unsere Produktionstechnologie st\u00e4ndig weiterzuentwickeln, um Ihnen sowohl in der Einzel- als auch in der Serienfertigung beste Ergebnisse zu liefern.<\/p>\n<\/div><\/div><\/div><script>if( typeof Codevz_Plus !== \"undefined\" ) {setTimeout( function() {if( typeof Codevz_Plus.responsive_text !== \"undefined\" ) {Codevz_Plus.responsive_text();}if( typeof Codevz_Plus.title !== \"undefined\" ) {Codevz_Plus.title();}jQuery( window ).trigger( \"scroll.codevz\" ).trigger( \"scroll.lazyload\" );}, 10 );}<\/script><\/div><div class=\"cz_gap clr \" style=\"height: 20px\"><\/div><div class=\"cz_wrap clr\"><div id=\"cz_33358\" class=\"cz_33358 cz_title clr cz_mobile_text_center cz_title_pos_inline\"><div class=\"cz_title_content\"><div class=\"cz_wpe_content\"><p>Unser Leistungsangebot reicht von der Datenaufbereitung bis zur Montage, einschlie\u00dflich Materialbeschaffung, CAM-Programmierung, CNC-Bearbeitung und Qualit\u00e4tskontrolle. Wir bieten auch Oberfl\u00e4chenveredelung und W\u00e4rmebehandlung an, um die Langlebigkeit und den Nutzen Ihrer Produkte zu gew\u00e4hrleisten. Mit einem modernen Maschinenpark garantieren wir Ihnen Genauigkeit und Effizienz bei jedem Arbeitsschritt.<br \/>\nVertrauen Sie uns bei der Fertigung Ihrer Produkte &#8211; bei uns verbindet sich Innovation mit Pr\u00e4zision.<\/p>\n<\/div><\/div><\/div><script>if( typeof Codevz_Plus !== \"undefined\" ) {setTimeout( function() {if( typeof Codevz_Plus.responsive_text !== \"undefined\" ) {Codevz_Plus.responsive_text();}if( typeof Codevz_Plus.title !== \"undefined\" ) {Codevz_Plus.title();}jQuery( window ).trigger( \"scroll.codevz\" ).trigger( \"scroll.lazyload\" );}, 10 );}<\/script><\/div><div class=\"cz_gap clr  hide_on_tablet hide_on_mobile\" style=\"height: 75px\"><\/div><div class=\"cz_gap show_on_tablet clr \" style=\"height: 50px\"><\/div><\/div><\/div><\/div><\/div><\/div><script>if( typeof Codevz_Plus !== \"undefined\" ) {setTimeout( function() {Codevz_Plus.content_box( true );if( typeof Codevz_Plus.tilt !== \"undefined\" ) {Codevz_Plus.tilt();}jQuery( window ).trigger( \"scroll.codevz\" ).trigger( \"scroll.lazyload\" );}, 10 );}<\/script><\/div><div class=\"cz_gap clr  hide_on_tablet hide_on_mobile\" style=\"height: 40px\"><\/div><div class=\"cz_gap show_on_tablet clr \" style=\"height: 50px\"><\/div>[\/vc_column][vc_column offset=&#8220;vc_col-lg-6&#8243;]<div class=\"cz_gap clr  hide_on_tablet hide_on_mobile\" style=\"height: 25px\"><\/div><div class=\"cz_gap show_on_tablet clr \" style=\"height: 0px\"><\/div><div class=\"cz_wrap clr\"><div id=\"cz_63870\" class=\"cz_63870 cz_image clr cz_image_no_fx cz_smart_fs center_on_mobile\"><style class=\"cz_d_css\" data-noptimize>#cz_63870 .cz_image_in{background-color:#ffffff}#cz_63870 .cz_image_caption{color:#ffffff;background-color:#c30f17;padding:30px 50px;border-radius:25px;box-shadow:0px 11px 55px -8px rgba(0,0,0,0.27);position:absolute;bottom:-30px;left:-50px}#cz_63870 > div{position:relative;display: table;margin:0 auto;}<\/style><style class=\"cz_t_css\" data-noptimize>@media screen and (max-width:768px){#cz_63870 .cz_image_caption{padding:20px 40px}}<\/style><style class=\"cz_m_css\" data-noptimize>@media screen and (max-width:480px){#cz_63870 .cz_image_caption{position:static}}<\/style><div class=\"\" ><div class=\"cz_image_in\"><div class=\"cz_main_image\"><img decoding=\"async\" width=\"800\" height=\"800\" src=\"https:\/\/www.innomech.sk\/wp-content\/uploads\/2024\/09\/foto2.webp\" class=\"attachment-full\" alt=\"\" title=\"foto2\" srcset=\"https:\/\/www.innomech.sk\/wp-content\/uploads\/2024\/09\/foto2.webp 800w, https:\/\/www.innomech.sk\/wp-content\/uploads\/2024\/09\/foto2-300x300.webp 300w, https:\/\/www.innomech.sk\/wp-content\/uploads\/2024\/09\/foto2-150x150.webp 150w, https:\/\/www.innomech.sk\/wp-content\/uploads\/2024\/09\/foto2-768x768.webp 768w, https:\/\/www.innomech.sk\/wp-content\/uploads\/2024\/09\/foto2-600x600.webp 600w\" sizes=\"(max-width: 800px) 100vw, 800px\" \/><\/div><\/div><div class=\"cz_image_caption mt10\"><h3>Von der Arbeitsplanung <br class=\"clr\" \/>bis zur Montage<\/h3>\n<p>Einzel- und Serienfertigung von Teilen und Baugruppen.<\/div><\/div><\/div><script>if( typeof Codevz_Plus !== \"undefined\" ) {setTimeout( function() {Codevz_Plus.image( \"cz_63870\" );if( typeof Codevz_Plus.titl !== \"undefined\" ) {Codevz_Plus.titl();}jQuery( window ).trigger( \"scroll.codevz\" ).trigger( \"scroll.lazyload\" );}, 10 );}<\/script><\/div>[\/vc_column][\/vc_row]<\/p>\n<\/div>","protected":false},"excerpt":{"rendered":"<p>[vc_row][vc_column offset=&#8220;vc_col-lg-6&#8243;][\/vc_column][vc_column offset=&#8220;vc_col-lg-6&#8243;][\/vc_column][\/vc_row] &#8230; <\/p>\n","protected":false},"author":2,"featured_media":0,"parent":0,"menu_order":0,"comment_status":"closed","ping_status":"closed","template":"","meta":{"_seopress_robots_primary_cat":"","_seopress_titles_title":"","_seopress_titles_desc":"V\u00e1\u0161 partner pre prec\u00edznu v\u00fdrobu a inovat\u00edvne mechanick\u00e9 rie\u0161enia. Na\u0161e procesy a v\u00fdrobky s\u00fa certifikovan\u00e9 pod\u013ea DIN ISO 9001, \u010do pod\u010diarkuje na\u0161u kvalitu.","_seopress_robots_index":"","footnotes":""},"class_list":["post-1635","page","type-page","status-publish","hentry"],"_links":{"self":[{"href":"https:\/\/www.innomech.sk\/de\/wp-json\/wp\/v2\/pages\/1635","targetHints":{"allow":["GET"]}}],"collection":[{"href":"https:\/\/www.innomech.sk\/de\/wp-json\/wp\/v2\/pages"}],"about":[{"href":"https:\/\/www.innomech.sk\/de\/wp-json\/wp\/v2\/types\/page"}],"author":[{"embeddable":true,"href":"https:\/\/www.innomech.sk\/de\/wp-json\/wp\/v2\/users\/2"}],"replies":[{"embeddable":true,"href":"https:\/\/www.innomech.sk\/de\/wp-json\/wp\/v2\/comments?post=1635"}],"version-history":[{"count":0,"href":"https:\/\/www.innomech.sk\/de\/wp-json\/wp\/v2\/pages\/1635\/revisions"}],"wp:attachment":[{"href":"https:\/\/www.innomech.sk\/de\/wp-json\/wp\/v2\/media?parent=1635"}],"curies":[{"name":"wp","href":"https:\/\/api.w.org\/{rel}","templated":true}]}}